{"id":122,"date":"2025-06-12T08:29:07","date_gmt":"2025-06-12T08:29:07","guid":{"rendered":"https:\/\/photographyelectronics.com\/?page_id=122"},"modified":"2025-11-17T17:51:18","modified_gmt":"2025-11-17T17:51:18","slug":"firmware-update","status":"publish","type":"page","link":"https:\/\/photographyelectronics.com\/fr\/resources\/firmware-update\/","title":{"rendered":"Mise \u00e0 jour du fimware"},"content":{"rendered":"<div class=\"wp-block-group has-global-padding is-layout-constrained wp-block-group-is-layout-constrained\">\n<h2 class=\"wp-block-heading\">Procedure (all devices)<\/h2>\n\n\n\n<ul class=\"wp-block-list\">\n<li>T\u00e9l\u00e9chargez le fichier zip du firmware<\/li>\n\n\n\n<li>D\u00e9compressez le fichier .uf2 du fichier zip<\/li>\n\n\n\n<li>Connectez le testeur \u00e0 votre ordinateur \u00e0 l'aide d'un c\u00e2ble micro USB<\/li>\n\n\n\n<li>Allumez le testeur, tout en maintenant appuy\u00e9 le bouton pendant 2 secondes<\/li>\n\n\n\n<li>L'\u00e9cran affiche \"Ready for firmware upload\", et un disque USB apparait dans votre explorateur de fichiers<\/li>\n\n\n\n<li>Copiez-collez le nouveau firmware (le fichier .uf2) dans le r\u00e9pertoire racine du disque USB<\/li>\n\n\n\n<li>Le firmware est maintenant \u00e0 jour<\/li>\n<\/ul>\n<\/div>\n\n\n\n<div class=\"wp-block-group has-global-padding is-layout-constrained wp-block-group-is-layout-constrained\">\n<h2 class=\"wp-block-heading\">Baby Shutter Tester mk II<\/h2>\n\n\n\n<h3 class=\"wp-block-heading\">Firmware<\/h3>\n\n\n\n<div class=\"wp-block-columns is-layout-flex wp-container-core-columns-is-layout-28f84493 wp-block-columns-is-layout-flex\">\n<div class=\"wp-block-column is-layout-flow wp-block-column-is-layout-flow\" style=\"flex-basis:66.66%\">\n<h4 class=\"wp-block-heading\">V 1.1.0 liste des changements<\/h4>\n\n\n\n<ul class=\"wp-block-list\">\n<li>Ajout de l'export des donn\u00e9es de mesure sur le port USB au format json<\/li>\n\n\n\n<li>Augmentation de la fr\u00e9quence d'\u00e9chantillonnage de 166 \u00e0 250 kHz<\/li>\n\n\n\n<li>Ajout d'une d\u00e9cimale dans l'affichage de la valeur du signal<\/li>\n\n\n\n<li>Correction d'un bug sur la gestion de batteries faibles<\/li>\n\n\n\n<li>Am\u00e9lioration des mesures \u00e0 faible lumi\u00e8re<\/li>\n\n\n\n<li>Am\u00e9lioration du processus de calibration usine<\/li>\n<\/ul>\n<\/div>\n\n\n\n<div class=\"wp-block-column is-layout-flow wp-block-column-is-layout-flow\" style=\"flex-basis:33.33%\">\n<div class=\"wp-block-file\"><a id=\"wp-block-file--media-fc63fedb-458f-46d9-98ed-13556abdd5ee\" href=\"https:\/\/photographyelectronics.com\/wp-content\/uploads\/2025\/10\/bst_mk2_1.1.0.zip\">bst_mk2_1.1.0.zip<\/a><a href=\"https:\/\/photographyelectronics.com\/wp-content\/uploads\/2025\/10\/bst_mk2_1.1.0.zip\" class=\"wp-block-file__button wp-element-button\" download aria-describedby=\"wp-block-file--media-fc63fedb-458f-46d9-98ed-13556abdd5ee\">Download<\/a><\/div>\n<\/div>\n<\/div>\n<\/div>\n\n\n\n<div class=\"wp-block-group has-global-padding is-layout-constrained wp-block-group-is-layout-constrained\">\n<h2 class=\"wp-block-heading\">Shutter Lover<\/h2>\n\n\n\n<h3 class=\"wp-block-heading\">Firmware<\/h3>\n\n\n\n<div class=\"wp-block-columns is-layout-flex wp-container-core-columns-is-layout-28f84493 wp-block-columns-is-layout-flex\">\n<div class=\"wp-block-column is-layout-flow wp-block-column-is-layout-flow\" style=\"flex-basis:66.66%\">\n<h4 class=\"wp-block-heading\">V1.1.1 Change log<\/h4>\n\n\n\n<ul class=\"wp-block-list\">\n<li>Ajout de l'affichage de la vitesse pour le capteur ouvrant et fermant<\/li>\n\n\n\n<li>Correction de bug<\/li>\n<\/ul>\n<\/div>\n\n\n\n<div class=\"wp-block-column is-layout-flow wp-block-column-is-layout-flow\" style=\"flex-basis:33.33%\">\n<div class=\"wp-block-file\"><a id=\"wp-block-file--media-0473ef61-8691-43ea-af3f-58381b521580\" href=\"https:\/\/photographyelectronics.com\/wp-content\/uploads\/2025\/06\/shutter_lover_v111.zip\">shutter_lover_v111.zip<\/a><a href=\"https:\/\/photographyelectronics.com\/wp-content\/uploads\/2025\/06\/shutter_lover_v111.zip\" class=\"wp-block-file__button wp-element-button\" download aria-describedby=\"wp-block-file--media-0473ef61-8691-43ea-af3f-58381b521580\">Download<\/a><\/div>\n<\/div>\n<\/div>\n<\/div>","protected":false},"excerpt":{"rendered":"<p>Procedure (all devices) Baby Shutter Tester mk II Firmware V 1.1.0 Change log Shutter Lover Firmware V1.1.1 Change log<\/p>","protected":false},"author":1,"featured_media":0,"parent":118,"menu_order":0,"comment_status":"closed","ping_status":"closed","template":"","meta":{"_monsterinsights_skip_tracking":false,"_monsterinsights_sitenote_active":false,"_monsterinsights_sitenote_note":"","_monsterinsights_sitenote_category":0,"_uf_show_specific_survey":0,"_uf_disable_surveys":false,"ngg_post_thumbnail":0,"footnotes":""},"class_list":["post-122","page","type-page","status-publish","hentry"],"aioseo_notices":[],"jetpack_sharing_enabled":true,"_links":{"self":[{"href":"https:\/\/photographyelectronics.com\/fr\/wp-json\/wp\/v2\/pages\/122","targetHints":{"allow":["GET"]}}],"collection":[{"href":"https:\/\/photographyelectronics.com\/fr\/wp-json\/wp\/v2\/pages"}],"about":[{"href":"https:\/\/photographyelectronics.com\/fr\/wp-json\/wp\/v2\/types\/page"}],"author":[{"embeddable":true,"href":"https:\/\/photographyelectronics.com\/fr\/wp-json\/wp\/v2\/users\/1"}],"replies":[{"embeddable":true,"href":"https:\/\/photographyelectronics.com\/fr\/wp-json\/wp\/v2\/comments?post=122"}],"version-history":[{"count":10,"href":"https:\/\/photographyelectronics.com\/fr\/wp-json\/wp\/v2\/pages\/122\/revisions"}],"predecessor-version":[{"id":648,"href":"https:\/\/photographyelectronics.com\/fr\/wp-json\/wp\/v2\/pages\/122\/revisions\/648"}],"up":[{"embeddable":true,"href":"https:\/\/photographyelectronics.com\/fr\/wp-json\/wp\/v2\/pages\/118"}],"wp:attachment":[{"href":"https:\/\/photographyelectronics.com\/fr\/wp-json\/wp\/v2\/media?parent=122"}],"curies":[{"name":"wp","href":"https:\/\/api.w.org\/{rel}","templated":true}]}}