{"id":132,"date":"2025-06-12T09:03:53","date_gmt":"2025-06-12T09:03:53","guid":{"rendered":"https:\/\/photographyelectronics.com\/?page_id=132"},"modified":"2025-06-27T07:38:29","modified_gmt":"2025-06-27T07:38:29","slug":"contact","status":"publish","type":"page","link":"https:\/\/photographyelectronics.com\/fr\/contact\/","title":{"rendered":"Contact"},"content":{"rendered":"\n<div class=\"wp-block-group has-global-padding is-layout-constrained wp-block-group-is-layout-constrained\">\n<p><a href=\"mailto:contact@photographyelectronics.com\">contact@photographyelectronics.com<\/a><\/p>\n\n\n\n<div class=\"wp-block-group is-vertical is-layout-flex wp-container-core-group-is-layout-fe9cc265 wp-block-group-is-layout-flex\">\n<p style=\"margin-top:0;margin-bottom:0\">Photography Electronics<\/p>\n\n\n\n<p class=\"has-medium-font-size\">S\u00e9bastien ROY<br>76 avenue Fran\u00e7ois Mol\u00e9<br>92160 Antony &#8211; FRANCE<\/p>\n<\/div>\n<\/div>\n\n\n\n<div style=\"height:100px\" aria-hidden=\"true\" class=\"wp-block-spacer\"><\/div>\n\n\n\n<div class=\"wp-block-group has-global-padding is-layout-constrained wp-block-group-is-layout-constrained\"><div class=\"wpforms-container wpforms-container-full wpforms-block wpforms-block-90e0c528-44e6-4dbf-83dd-24f2f2580f78 wpforms-render-modern\" id=\"wpforms-127\"><form id=\"wpforms-form-127\" class=\"wpforms-validate wpforms-form wpforms-ajax-form\" data-formid=\"127\" method=\"post\" enctype=\"multipart\/form-data\" action=\"\/fr\/wp-json\/wp\/v2\/pages\/132\" data-token=\"2fc7ac4772451efab5e1f8e6788c8e6a\" data-token-time=\"1777717501\"><noscript class=\"wpforms-error-noscript\">Veuillez activer JavaScript dans votre navigateur pour remplir ce formulaire.<\/noscript><div id=\"wpforms-error-noscript\" style=\"display: none;\">Veuillez activer JavaScript dans votre navigateur pour remplir ce formulaire.<\/div><div class=\"wpforms-field-container\"><div id=\"wpforms-127-field_1-container\" class=\"wpforms-field wpforms-field-name\" data-field-id=\"1\"><fieldset><legend class=\"wpforms-field-label\">Name <span class=\"wpforms-required-label\" aria-hidden=\"true\">*<\/span><\/legend><div class=\"wpforms-field-row wpforms-field-medium\"><div class=\"wpforms-field-row-block wpforms-first wpforms-one-half\"><input type=\"text\" id=\"wpforms-127-field_1\" class=\"wpforms-field-name-first wpforms-field-required\" name=\"wpforms[fields][1][first]\" aria-errormessage=\"wpforms-127-field_1-error\" required><label for=\"wpforms-127-field_1\" class=\"wpforms-field-sublabel after\">Pr\u00e9nom<\/label><\/div><div class=\"wpforms-field-row-block wpforms-one-half\"><input type=\"text\" id=\"wpforms-127-field_1-last\" class=\"wpforms-field-name-last wpforms-field-required\" name=\"wpforms[fields][1][last]\" aria-errormessage=\"wpforms-127-field_1-last-error\" required><label for=\"wpforms-127-field_1-last\" class=\"wpforms-field-sublabel after\">Nom<\/label><\/div><\/div><\/fieldset><\/div><div id=\"wpforms-127-field_2-container\" class=\"wpforms-field wpforms-field-email\" data-field-id=\"2\"><label class=\"wpforms-field-label\" for=\"wpforms-127-field_2\">Email <span class=\"wpforms-required-label\" aria-hidden=\"true\">*<\/span><\/label><input type=\"email\" id=\"wpforms-127-field_2\" class=\"wpforms-field-medium wpforms-field-required\" name=\"wpforms[fields][2]\" spellcheck=\"false\" aria-errormessage=\"wpforms-127-field_2-error\" required><\/div>\t\t<div id=\"wpforms-127-field_5-container\"\n\t\t\tclass=\"wpforms-field wpforms-field-text\"\n\t\t\tdata-field-type=\"text\"\n\t\t\tdata-field-id=\"5\"\n\t\t\t>\n\t\t\t<label class=\"wpforms-field-label\" for=\"wpforms-127-field_5\" >or Email Message<\/label>\n\t\t\t<input type=\"text\" id=\"wpforms-127-field_5\" class=\"wpforms-field-medium\" name=\"wpforms[fields][5]\" >\n\t\t<\/div>\n\t\t<div id=\"wpforms-127-field_4-container\" class=\"wpforms-field wpforms-field-select wpforms-field-select-style-classic\" data-field-id=\"4\"><label class=\"wpforms-field-label\" for=\"wpforms-127-field_4\">Subject<\/label><select id=\"wpforms-127-field_4\" class=\"wpforms-field-medium\" name=\"wpforms[fields][4]\"><option value=\"Feedback\"  class=\"choice-6 depth-1\"  >Feedback<\/option><option value=\"Feature request\"  class=\"choice-5 depth-1\"  >Feature request<\/option><option value=\"Warranty\"  class=\"choice-7 depth-1\"  >Warranty<\/option><option value=\"Return request\"  class=\"choice-2 depth-1\"  >Return request<\/option><option value=\"Partnership proposal\"  class=\"choice-3 depth-1\"  >Partnership proposal<\/option><option value=\"Product availability\"  class=\"choice-8 depth-1\"  >Product availability<\/option><option value=\"Other\"  class=\"choice-4 depth-1\"  >Other<\/option><\/select><\/div><div id=\"wpforms-127-field_3-container\" class=\"wpforms-field wpforms-field-textarea\" data-field-id=\"3\"><label class=\"wpforms-field-label\" for=\"wpforms-127-field_3\">Comment or Message<\/label><textarea id=\"wpforms-127-field_3\" class=\"wpforms-field-medium\" name=\"wpforms[fields][3]\" aria-errormessage=\"wpforms-127-field_3-error\" ><\/textarea><\/div><script>\n\t\t\t\t( function() {\n\t\t\t\t\tconst style = document.createElement( 'style' );\n\t\t\t\t\tstyle.appendChild( document.createTextNode( '#wpforms-127-field_5-container { position: absolute !important; overflow: hidden !important; display: inline !important; height: 1px !important; width: 1px !important; z-index: -1000 !important; padding: 0 !important; } #wpforms-127-field_5-container input { visibility: hidden; } #wpforms-conversational-form-page #wpforms-127-field_5-container label { counter-increment: none; }' ) );\n\t\t\t\t\tdocument.head.appendChild( style );\n\t\t\t\t\tdocument.currentScript?.remove();\n\t\t\t\t} )();\n\t\t\t<\/script><\/div><!-- .wpforms-field-container --><div class=\"wpforms-submit-container\" ><input type=\"hidden\" name=\"wpforms[id]\" value=\"127\"><input type=\"hidden\" name=\"page_title\" value=\"\"><input type=\"hidden\" name=\"page_url\" value=\"https:\/\/photographyelectronics.com\/fr\/wp-json\/wp\/v2\/pages\/132\"><input type=\"hidden\" name=\"url_referer\" value=\"\"><button type=\"submit\" name=\"wpforms[submit]\" id=\"wpforms-submit-127\" class=\"wpforms-submit\" data-alt-text=\"Sending...\" data-submit-text=\"Submit\" aria-live=\"assertive\" value=\"wpforms-submit\">Submit<\/button><img loading=\"lazy\" decoding=\"async\" src=\"https:\/\/photographyelectronics.com\/wp-content\/plugins\/wpforms-lite\/assets\/images\/submit-spin.svg\" class=\"wpforms-submit-spinner\" style=\"display: none;\" width=\"26\" height=\"26\" alt=\"Chargement en cours\"><\/div><\/form><\/div>  <!-- .wpforms-container --><\/div>\n","protected":false},"excerpt":{"rendered":"<p>contact@photographyelectronics.com Photography Electronics S\u00e9bastien ROY76 avenue Fran\u00e7ois Mol\u00e992160 Antony &#8211; FRANCE<\/p>","protected":false},"author":1,"featured_media":0,"parent":0,"menu_order":0,"comment_status":"closed","ping_status":"closed","template":"","meta":{"_monsterinsights_skip_tracking":false,"_monsterinsights_sitenote_active":false,"_monsterinsights_sitenote_note":"","_monsterinsights_sitenote_category":0,"_uf_show_specific_survey":0,"_uf_disable_surveys":false,"ngg_post_thumbnail":0,"footnotes":""},"class_list":["post-132","page","type-page","status-publish","hentry"],"aioseo_notices":[],"jetpack_sharing_enabled":true,"_links":{"self":[{"href":"https:\/\/photographyelectronics.com\/fr\/wp-json\/wp\/v2\/pages\/132","targetHints":{"allow":["GET"]}}],"collection":[{"href":"https:\/\/photographyelectronics.com\/fr\/wp-json\/wp\/v2\/pages"}],"about":[{"href":"https:\/\/photographyelectronics.com\/fr\/wp-json\/wp\/v2\/types\/page"}],"author":[{"embeddable":true,"href":"https:\/\/photographyelectronics.com\/fr\/wp-json\/wp\/v2\/users\/1"}],"replies":[{"embeddable":true,"href":"https:\/\/photographyelectronics.com\/fr\/wp-json\/wp\/v2\/comments?post=132"}],"version-history":[{"count":6,"href":"https:\/\/photographyelectronics.com\/fr\/wp-json\/wp\/v2\/pages\/132\/revisions"}],"predecessor-version":[{"id":428,"href":"https:\/\/photographyelectronics.com\/fr\/wp-json\/wp\/v2\/pages\/132\/revisions\/428"}],"wp:attachment":[{"href":"https:\/\/photographyelectronics.com\/fr\/wp-json\/wp\/v2\/media?parent=132"}],"curies":[{"name":"wp","href":"https:\/\/api.w.org\/{rel}","templated":true}]}}