{"id":39,"date":"2025-06-11T18:24:53","date_gmt":"2025-06-11T18:24:53","guid":{"rendered":"https:\/\/photographyelectronics.com\/?page_id=39"},"modified":"2025-10-10T19:43:30","modified_gmt":"2025-10-10T19:43:30","slug":"baby-shutter-tester-mk-ii","status":"publish","type":"page","link":"https:\/\/photographyelectronics.com\/fr\/products\/baby-shutter-tester-mk-ii\/","title":{"rendered":"Baby Shutter Tester mk II"},"content":{"rendered":"<div class=\"wp-block-group has-global-padding is-layout-constrained wp-block-group-is-layout-constrained\">\n<h2 class=\"wp-block-heading has-large-font-size\">Caract\u00e9ristiques<\/h2>\n\n\n\n<ul class=\"wp-block-list\">\n<li>Mono capteur (mesure de la vitesse globale)<\/li>\n\n\n\n<li>Pr\u00e9cis jusqu'au 1\/4000s<\/li>\n\n\n\n<li>Pr\u00e9cis \u00e0 la fois avec les obturateurs plan focal et les obturateurs centraux, des formats 35mm au grand format<\/li>\n\n\n\n<li>Conformit\u00e9 ISO-516:2019 : la m\u00e9thode et les performances de mesure sont conformes aux pr\u00e9conisations du standard.<\/li>\n\n\n\n<li>Faciles d'utilisation<\/li>\n\n\n\n<li>Aliment\u00e9 par pile ou par USB<\/li>\n<\/ul>\n<\/div>\n\n\n\n<div class=\"wp-block-group has-global-padding is-layout-constrained wp-block-group-is-layout-constrained\">\n<p>D\u00e9monstration avec un obturateur plan focal :<\/p>\n\n\n\n<figure class=\"wp-block-embed is-type-video is-provider-youtube wp-block-embed-youtube wp-embed-aspect-16-9 wp-has-aspect-ratio\"><div class=\"wp-block-embed__wrapper\">\n<iframe loading=\"lazy\" title=\"Baby Shutter Tester mk II, focal plane shutter measurement\" width=\"500\" height=\"281\" src=\"https:\/\/www.youtube.com\/embed\/hiDgXEiAioI?feature=oembed\" frameborder=\"0\" allow=\"accelerometer; autoplay; clipboard-write; encrypted-media; gyroscope; picture-in-picture; web-share\" referrerpolicy=\"strict-origin-when-cross-origin\" allowfullscreen><\/iframe>\n<\/div><\/figure>\n\n\n\n<p>D\u00e9monstration avec un obturateur central :<\/p>\n\n\n\n<figure class=\"wp-block-embed is-type-video is-provider-youtube wp-block-embed-youtube wp-embed-aspect-16-9 wp-has-aspect-ratio\"><div class=\"wp-block-embed__wrapper\">\n<iframe loading=\"lazy\" title=\"Baby Shutter Tester mk II, test of a central shutter\" width=\"500\" height=\"281\" src=\"https:\/\/www.youtube.com\/embed\/hIt_zcFSjIQ?feature=oembed\" frameborder=\"0\" allow=\"accelerometer; autoplay; clipboard-write; encrypted-media; gyroscope; picture-in-picture; web-share\" referrerpolicy=\"strict-origin-when-cross-origin\" allowfullscreen><\/iframe>\n<\/div><\/figure>\n<\/div>\n\n\n\n<div class=\"wp-block-group has-global-padding is-layout-constrained wp-block-group-is-layout-constrained\">\n<h2 class=\"wp-block-heading\">Point cl\u00e9 : une m\u00e9thode de mesure pr\u00e9cise \u00e0 la fois pour les obturateurs plan focal et pour les obturateurs centraux<\/h2>\n\n\n\n<p>Contrairement \u00e0 la plupart des testeurs disponibles sur le march\u00e9, le Baby Shutter Tester mark II mesure la vitesse en prenant en compte chaque quantit\u00e9 de lumi\u00e8re qui frappe son capteur, exactement comme le fait un film argentique.<\/p>\n\n\n\n<p>En faisant la somme de toutes les variations de lumi\u00e8re d\u00e9tect\u00e9es lors du d\u00e9clenchement de l'obturateur, le Baby Shutter Tester mark II prend aussi parfaitement en compte les phases de transition, durant lesquelles l'obturateur n'est ni compl\u00e8tement ouvert et ni compl\u00e8tement ferm\u00e9.<\/p>\n\n\n\n<p>Les avantages sont les suivants :<\/p>\n\n\n\n<ul class=\"wp-block-list\">\n<li>Une excellente pr\u00e9cision, m\u00eame aux hautes vitesses, pour lesquelles les phases de transition sont pr\u00e9dominantes.<\/li>\n\n\n\n<li>Cette excellente pr\u00e9cision est obtenue aussi bien avec les obturateurs \u00e0 plan focal qu'avec les obturateurs centraux.<\/li>\n\n\n\n<li>Aucune proc\u00e9dure d'\u00e9talonnage n'est n\u00e9cessaire.<\/li>\n<\/ul>\n\n\n\n<h3 class=\"wp-block-heading\">Source de lumi\u00e8re<\/h3>\n\n\n\n<p>Afin d'effectuer des mesures pr\u00e9cises, le Baby Shutter Tester mark II a besoin d'une source de lumi\u00e8re qui ne scintille pas, contrairement \u00e0 la plupart des lumi\u00e8res artificielles.<\/p>\n\n\n\n<ul class=\"wp-block-list\">\n<li>Pour les tests d'obturateurs plan focal, la LED int\u00e9gr\u00e9e est parfaite.<\/li>\n\n\n\n<li>Pour les tests d'obturateurs centraux, le diffuseur de lumi\u00e8re optionnel est n\u00e9cessaire. Comme toute la surface de l'obturateur est impliqu\u00e9e dans l'\u00e9clairage de chaque point de l'image, la source lumineuse doit couvrir uniform\u00e9ment cette surface. Deux options sont disponibles :\n<ul class=\"wp-block-list\">\n<li>46mm de diam\u00e8tre, aliment\u00e9e par USB<\/li>\n\n\n\n<li>64mm de diam\u00e8tre, aliment\u00e9e par l'adaptateur 12V fourni.<\/li>\n<\/ul>\n<\/li>\n<\/ul>\n<\/div>\n\n\n\n<div class=\"wp-block-group has-global-padding is-layout-constrained wp-block-group-is-layout-constrained\">\n<h2 class=\"wp-block-heading\">Galerie photo<\/h2>\n\n\n\nngg_shortcode_0_placeholder\n<\/div>\n\n\n\n<div class=\"wp-block-group has-global-padding is-layout-constrained wp-block-group-is-layout-constrained\">\n<h2 class=\"wp-block-heading\">V\u00e9rification de la pr\u00e9cision du testeur<\/h2>\n\n\n\n<p class=\"has-medium-font-size\">Trois m\u00e9thodes de v\u00e9rification diff\u00e9rentes ont \u00e9t\u00e9 utilis\u00e9es pour v\u00e9rifier la pr\u00e9cision du testeur :<\/p>\n\n\n\n<ul class=\"wp-block-list\">\n<li class=\"has-medium-font-size\">M\u00e9thode de test graphique : la sortie de l'\u00e9tage analogique du testeur est affich\u00e9e sur un oscilloscope, et la largeur du signal est compar\u00e9e au r\u00e9sultat affich\u00e9 par le testeur<\/li>\n\n\n\n<li class=\"has-medium-font-size\">M\u00e9thode de la roue rotative : une roue tourne \u00e0 une vitesse connue (3 m\/s au niveau de la jante), et une fente de 3 mm sur la jante simule un obturateur plan focal au 1\/1000 s. Le r\u00e9sultat de la mesure est compar\u00e9 \u00e0 cette valeur de 1\/1000 s th\u00e9orique.<\/li>\n\n\n\n<li>Comparaison avec un autre testeur, r\u00e9put\u00e9 pour sa fiabilit\u00e9 : le testeur d'obturateur Kyoritsu<\/li>\n<\/ul>\n<\/div>\n\n\n\n<p>Les trois m\u00e9thodes ont confirm\u00e9 l'excellente pr\u00e9cision du Baby Shutter Tester mark II.<\/p>\n\n\n\n<p><\/p>","protected":false},"excerpt":{"rendered":"<p>Features Focal plane shutter demo: Front (leaf) shutter demo: Key point: a measurement method accurate for both focal plane and central shutter Contrary to most of the testers available on the market, the Baby Shutter Tester mark II measures the speed by taking into account all amount of light that hits its sensor, exactly as [&hellip;]<\/p>\n","protected":false},"author":1,"featured_media":158,"parent":44,"menu_order":0,"comment_status":"closed","ping_status":"closed","template":"","meta":{"_monsterinsights_skip_tracking":false,"_monsterinsights_sitenote_active":false,"_monsterinsights_sitenote_note":"","_monsterinsights_sitenote_category":0,"_uf_show_specific_survey":0,"_uf_disable_surveys":false,"ngg_post_thumbnail":0,"footnotes":""},"class_list":["post-39","page","type-page","status-publish","has-post-thumbnail","hentry"],"aioseo_notices":[],"jetpack_sharing_enabled":true,"_links":{"self":[{"href":"https:\/\/photographyelectronics.com\/fr\/wp-json\/wp\/v2\/pages\/39","targetHints":{"allow":["GET"]}}],"collection":[{"href":"https:\/\/photographyelectronics.com\/fr\/wp-json\/wp\/v2\/pages"}],"about":[{"href":"https:\/\/photographyelectronics.com\/fr\/wp-json\/wp\/v2\/types\/page"}],"author":[{"embeddable":true,"href":"https:\/\/photographyelectronics.com\/fr\/wp-json\/wp\/v2\/users\/1"}],"replies":[{"embeddable":true,"href":"https:\/\/photographyelectronics.com\/fr\/wp-json\/wp\/v2\/comments?post=39"}],"version-history":[{"count":39,"href":"https:\/\/photographyelectronics.com\/fr\/wp-json\/wp\/v2\/pages\/39\/revisions"}],"predecessor-version":[{"id":596,"href":"https:\/\/photographyelectronics.com\/fr\/wp-json\/wp\/v2\/pages\/39\/revisions\/596"}],"up":[{"embeddable":true,"href":"https:\/\/photographyelectronics.com\/fr\/wp-json\/wp\/v2\/pages\/44"}],"wp:featuredmedia":[{"embeddable":true,"href":"https:\/\/photographyelectronics.com\/fr\/wp-json\/wp\/v2\/media\/158"}],"wp:attachment":[{"href":"https:\/\/photographyelectronics.com\/fr\/wp-json\/wp\/v2\/media?parent=39"}],"curies":[{"name":"wp","href":"https:\/\/api.w.org\/{rel}","templated":true}]}}