{"id":46,"date":"2025-06-11T18:34:09","date_gmt":"2025-06-11T18:34:09","guid":{"rendered":"https:\/\/photographyelectronics.com\/?page_id=46"},"modified":"2025-07-14T09:49:40","modified_gmt":"2025-07-14T09:49:40","slug":"shutter-lover","status":"publish","type":"page","link":"https:\/\/photographyelectronics.com\/fr\/products\/shutter-lover\/","title":{"rendered":"Shutter Lover"},"content":{"rendered":"<p>Le Shutter Lover est un appareil sp\u00e9cialis\u00e9 dans la mesure du temps de parcours des rideaux. <\/p>\n\n\n\n<figure class=\"wp-block-embed is-type-video is-provider-youtube wp-block-embed-youtube wp-embed-aspect-16-9 wp-has-aspect-ratio\"><div class=\"wp-block-embed__wrapper\">\n<iframe loading=\"lazy\" title=\"Shutter Lover\" width=\"500\" height=\"281\" src=\"https:\/\/www.youtube.com\/embed\/AOC1KYjHUho?feature=oembed\" frameborder=\"0\" allow=\"accelerometer; autoplay; clipboard-write; encrypted-media; gyroscope; picture-in-picture; web-share\" referrerpolicy=\"strict-origin-when-cross-origin\" allowfullscreen><\/iframe>\n<\/div><\/figure>\n\n\n\n<p>Sa conception comprend 3 LED qui \u00e9clairent les 3 points de mesure du capteur afin d'\u00e9viter toute erreur de parallaxe. Il en r\u00e9sulte une excellente pr\u00e9cision, jusqu'\u00e0 1\/4000s.<\/p>\n\n\n\n<p>L'\u00e9cran de l'appareil affiche les informations suivantes<\/p>\n\n\n\n<ul class=\"wp-block-list\">\n<li>Temps de parcours du premier et du second rideau. <\/li>\n\n\n\n<li>Valeurs de la vitesse d'obturation aux points d'ouverture, central  et de fermeture.<\/li>\n<\/ul>\n\n\n\n<p>Des donn\u00e9es plus d\u00e9taill\u00e9es sont transmises sur le port USB et peuvent \u00eatre collect\u00e9es sur un ordinateur.<\/p>\n\n\n\n<p>Le capteur est au format 35 mm. Un adaptateur est fourni pour les appareils photo moyen format.<\/p>\n\n\n\n<h2 class=\"wp-block-heading\">Application distante<\/h2>\n\n\n\n<p>Une application distante permet de collecter, d'afficher et d'archiver sur un ordinateur les r\u00e9sultats d\u00e9taill\u00e9s des mesures prises avec le Shutter Lover.<\/p>\n\n\n\n<figure class=\"wp-block-embed is-type-video is-provider-youtube wp-block-embed-youtube wp-embed-aspect-16-9 wp-has-aspect-ratio\"><div class=\"wp-block-embed__wrapper\">\n<iframe loading=\"lazy\" title=\"Shutter Lover Remote Application\" width=\"500\" height=\"281\" src=\"https:\/\/www.youtube.com\/embed\/9dxC50QmTQg?feature=oembed\" frameborder=\"0\" allow=\"accelerometer; autoplay; clipboard-write; encrypted-media; gyroscope; picture-in-picture; web-share\" referrerpolicy=\"strict-origin-when-cross-origin\" allowfullscreen><\/iframe>\n<\/div><\/figure>\n\n\n\n<p>Cette application est Open-Source, tout comme les sp\u00e9cifications de son interface. Vous pouvez donc l'adapter \u00e0 vos propres besoins.<\/p>\n\n\n\n<p>Pour l'installation et l'utilisation, veuillez vous r\u00e9f\u00e9rer \u00e0 l'adresse web suivante :<\/p>\n\n\n\n<p><a href=\"http:\/\/github.com\/sebastienroy\/shutter_lover_remote_app\">http:\/\/github.com\/sebastienroy\/shutter_lover_remote_app<\/a><\/p>\n\n\n\n<h2 class=\"wp-block-heading\">Documentation d\u00e9taill\u00e9e<\/h2>\n\n\n\n<p>Pour la documentation d\u00e9taill\u00e9e, r\u00e9f\u00e9rez vous au manuel utilisateur. <a href=\"https:\/\/photographyelectronics.com\/fr\/resources\/documentation\/\" data-type=\"page\" data-id=\"120\">Manuel utilisateur<\/a>.<\/p>\n\n\n\n<h2 class=\"wp-block-heading\">V\u00e9rification de la pr\u00e9cision du testeur<\/h2>\n\n\n\n<p>La pr\u00e9cision du testeur a \u00e9t\u00e9 test\u00e9e \u00e0 l'aide d'un mod\u00e8le d'obturateur r\u00e9el : la roue rotative.<\/p>\n\n\n\n<figure class=\"wp-block-embed is-type-video is-provider-youtube wp-block-embed-youtube wp-embed-aspect-16-9 wp-has-aspect-ratio\"><div class=\"wp-block-embed__wrapper\">\n<iframe loading=\"lazy\" title=\"Shutter Lover Accuracy Test\" width=\"500\" height=\"281\" src=\"https:\/\/www.youtube.com\/embed\/lCG4rhAiJXo?feature=oembed\" frameborder=\"0\" allow=\"accelerometer; autoplay; clipboard-write; encrypted-media; gyroscope; picture-in-picture; web-share\" referrerpolicy=\"strict-origin-when-cross-origin\" allowfullscreen><\/iframe>\n<\/div><\/figure>\n\n\n\n<p>Une roue tourne \u00e0 une vitesse de 3 m\/s au niveau de la jante, ce qui donne un temps de d\u00e9placement vertical de 12 ms sur une image 24\u00d736. <\/p>\n\n\n\n<p>Une fente de 3 mm sur la jante simule une vitesse de 1\/1000s.<\/p>","protected":false},"excerpt":{"rendered":"<p>The Shutter Lover is a device specialized in the measurement of the travel time of shutter curtains. Its design includes 3 LED used to enlight the 3 measurement points of the sensor in order to prevent any parallax error. That leads to an excellent accuracy, at up to 1\/4000s. The screen of the device displays [&hellip;]<\/p>\n","protected":false},"author":1,"featured_media":0,"parent":44,"menu_order":0,"comment_status":"closed","ping_status":"closed","template":"","meta":{"_monsterinsights_skip_tracking":false,"_monsterinsights_sitenote_active":false,"_monsterinsights_sitenote_note":"","_monsterinsights_sitenote_category":0,"_uf_show_specific_survey":0,"_uf_disable_surveys":false,"ngg_post_thumbnail":0,"footnotes":""},"class_list":["post-46","page","type-page","status-publish","hentry"],"aioseo_notices":[],"jetpack_sharing_enabled":true,"_links":{"self":[{"href":"https:\/\/photographyelectronics.com\/fr\/wp-json\/wp\/v2\/pages\/46","targetHints":{"allow":["GET"]}}],"collection":[{"href":"https:\/\/photographyelectronics.com\/fr\/wp-json\/wp\/v2\/pages"}],"about":[{"href":"https:\/\/photographyelectronics.com\/fr\/wp-json\/wp\/v2\/types\/page"}],"author":[{"embeddable":true,"href":"https:\/\/photographyelectronics.com\/fr\/wp-json\/wp\/v2\/users\/1"}],"replies":[{"embeddable":true,"href":"https:\/\/photographyelectronics.com\/fr\/wp-json\/wp\/v2\/comments?post=46"}],"version-history":[{"count":6,"href":"https:\/\/photographyelectronics.com\/fr\/wp-json\/wp\/v2\/pages\/46\/revisions"}],"predecessor-version":[{"id":500,"href":"https:\/\/photographyelectronics.com\/fr\/wp-json\/wp\/v2\/pages\/46\/revisions\/500"}],"up":[{"embeddable":true,"href":"https:\/\/photographyelectronics.com\/fr\/wp-json\/wp\/v2\/pages\/44"}],"wp:attachment":[{"href":"https:\/\/photographyelectronics.com\/fr\/wp-json\/wp\/v2\/media?parent=46"}],"curies":[{"name":"wp","href":"https:\/\/api.w.org\/{rel}","templated":true}]}}