{"id":104,"date":"2025-06-11T18:45:44","date_gmt":"2025-06-11T18:45:44","guid":{"rendered":"https:\/\/photographyelectronics.com\/?post_type=product&#038;p=104"},"modified":"2026-04-20T13:07:00","modified_gmt":"2026-04-20T13:07:00","slug":"baby-shutter-tester-mkii","status":"publish","type":"product","link":"https:\/\/photographyelectronics.com\/fr\/produit\/baby-shutter-tester-mkii\/","title":{"rendered":"Baby Shutter Tester mkII"},"content":{"rendered":"<ul class=\"wp-block-list\">\r\n \t<li style=\"list-style-type: none;\">&nbsp;<\/li>\r\n \t<li>Mono capteur (mesure de la vitesse globale)<\/li>\r\n \t<li>Pr\u00e9cis jusqu'au 1\/4000s<\/li>\r\n \t<li>Pr\u00e9cis \u00e0 la fois avec les obturateurs plan focal et les obturateurs centraux, des formats 35mm au grand format<\/li>\r\n \t<li>Conforme \u00e0 la norme ISO-516:2019<\/li>\r\n \t<li>Aliment\u00e9 par piles ou par USB<\/li>\r\n \t<li>Source de lumi\u00e8re : LED int\u00e9gr\u00e9e<\/li>\r\n \t<li>Optionnel : diffuseur de lumi\u00e8re (n\u00e9cessaire pour mesurer avec pr\u00e9cision les obturateurs centraux)\r\n<ul class=\"wp-block-list\">\r\n \t<li>Diam\u00e8tre 46mm, aliment\u00e9e par USB. Convient pour la plupart des obturateurs, comme par exemple les  bi-objectifs Rolleiflex&nbsp;<\/li>\r\n \t<li>Diam\u00e8tre 64mm, aliment\u00e9e par un adaptateur 12V fourni. N\u00e9cessaire pours les obturateurs frontaux de grand diam\u00e8tre, tels que ceux des objectifs Hasselblad<\/li>\r\n<\/ul>\r\n<\/li>\r\n<\/ul>\r\n\r\n\r\n<!-- \/wp:post-content --><!-- \/wp:freeform -->","protected":false},"excerpt":{"rendered":"<p>Un testeur d'obturateur monocapteur, l\u00e9ger, pr\u00e9cis et simple \u00e0 utiliser.<\/p>","protected":false},"featured_media":158,"comment_status":"open","ping_status":"closed","template":"","meta":{"_monsterinsights_skip_tracking":false,"_monsterinsights_sitenote_active":false,"_monsterinsights_sitenote_note":"","_monsterinsights_sitenote_category":0,"_uf_show_specific_survey":0,"_uf_disable_surveys":false,"ngg_post_thumbnail":0},"product_brand":[],"product_cat":[25,23],"product_tag":[],"class_list":{"0":"post-104","1":"product","2":"type-product","3":"status-publish","4":"has-post-thumbnail","6":"product_cat-shutter-testers","7":"product_cat-uncategorized","9":"first","10":"instock","11":"shipping-taxable","12":"purchasable","13":"product-type-variable"},"aioseo_notices":[],"jetpack_sharing_enabled":true,"_links":{"self":[{"href":"https:\/\/photographyelectronics.com\/fr\/wp-json\/wp\/v2\/product\/104","targetHints":{"allow":["GET"]}}],"collection":[{"href":"https:\/\/photographyelectronics.com\/fr\/wp-json\/wp\/v2\/product"}],"about":[{"href":"https:\/\/photographyelectronics.com\/fr\/wp-json\/wp\/v2\/types\/product"}],"replies":[{"embeddable":true,"href":"https:\/\/photographyelectronics.com\/fr\/wp-json\/wp\/v2\/comments?post=104"}],"wp:featuredmedia":[{"embeddable":true,"href":"https:\/\/photographyelectronics.com\/fr\/wp-json\/wp\/v2\/media\/158"}],"wp:attachment":[{"href":"https:\/\/photographyelectronics.com\/fr\/wp-json\/wp\/v2\/media?parent=104"}],"wp:term":[{"taxonomy":"product_brand","embeddable":true,"href":"https:\/\/photographyelectronics.com\/fr\/wp-json\/wp\/v2\/product_brand?post=104"},{"taxonomy":"product_cat","embeddable":true,"href":"https:\/\/photographyelectronics.com\/fr\/wp-json\/wp\/v2\/product_cat?post=104"},{"taxonomy":"product_tag","embeddable":true,"href":"https:\/\/photographyelectronics.com\/fr\/wp-json\/wp\/v2\/product_tag?post=104"}],"curies":[{"name":"wp","href":"https:\/\/api.w.org\/{rel}","templated":true}]}}