{"id":632,"date":"2025-11-11T20:31:58","date_gmt":"2025-11-11T20:31:58","guid":{"rendered":"https:\/\/photographyelectronics.com\/?post_type=product&#038;p=632"},"modified":"2026-04-17T09:45:47","modified_gmt":"2026-04-17T09:45:47","slug":"bundle-shutter-lover-baby-shutter-tester-mkii","status":"publish","type":"product","link":"https:\/\/photographyelectronics.com\/fr\/produit\/bundle-shutter-lover-baby-shutter-tester-mkii\/","title":{"rendered":"Bundle : Shutter Lover + Baby Shutter Tester mkII"},"content":{"rendered":"<p>Le Baby Shutter Tester est excellent pour mesurer la vitesse des obturateurs centraux. Il ne peut toutefois pas mesurer le temps de translation des rideaux des obturateurs plan focal.<\/p>\n<p>Le Shutter Lover est un excellent outil pour mesurer le temps de translation des rideaux. Toutefois il n'est pas adapt\u00e9 \u00e0 mesurer la vitesse des obturateurs centraux.<\/p>\n<p>Si vous avez besoin des deux, cet ensemble est fait pour vous.&nbsp;<\/p>\n<p>Il contient le Shutter Lover, le Baby Shutter Tester mk II, et une source de lumi\u00e8re diffuse (n\u00e9cessaire pour les obturateurs centraux), \u00e0 un prix discount par rapport au tarifs individuel de chaque appareil.<\/p>\n<p>Note that the illustration picture is not up to date.<\/p>\n<p>The package contains<\/p>\n<ul>\n<li>The Shutter Lover product with its 6&#215;6 adapter and a micro-USB cable<\/li>\n<li>The Baby Shutter Tester mk II with its 6&#215;6 adapter<\/li>\n<li>A diffuse light, depending on your option\n<ul>\n<li>45mm diameter, USB powered<\/li>\n<li>64mm diameter, 12V powered (12V DC adapter included)<\/li>\n<\/ul>\n<\/li>\n<\/ul>\n<p>&nbsp;<\/p>\n<p>&nbsp;<\/p>","protected":false},"excerpt":{"rendered":"<p>Un ensemble comprenant le Shutter Lover et le Baby Shutter Tester mkII \u00e0 un prix discount<\/p>","protected":false},"featured_media":635,"comment_status":"open","ping_status":"closed","template":"","meta":{"_monsterinsights_skip_tracking":false,"_monsterinsights_sitenote_active":false,"_monsterinsights_sitenote_note":"","_monsterinsights_sitenote_category":0,"_uf_show_specific_survey":0,"_uf_disable_surveys":false,"ngg_post_thumbnail":0},"product_brand":[],"product_cat":[23],"product_tag":[],"class_list":{"0":"post-632","1":"product","2":"type-product","3":"status-publish","4":"has-post-thumbnail","6":"product_cat-uncategorized","8":"first","9":"instock","10":"shipping-taxable","11":"purchasable","12":"product-type-variable"},"aioseo_notices":[],"jetpack_sharing_enabled":true,"_links":{"self":[{"href":"https:\/\/photographyelectronics.com\/fr\/wp-json\/wp\/v2\/product\/632","targetHints":{"allow":["GET"]}}],"collection":[{"href":"https:\/\/photographyelectronics.com\/fr\/wp-json\/wp\/v2\/product"}],"about":[{"href":"https:\/\/photographyelectronics.com\/fr\/wp-json\/wp\/v2\/types\/product"}],"replies":[{"embeddable":true,"href":"https:\/\/photographyelectronics.com\/fr\/wp-json\/wp\/v2\/comments?post=632"}],"wp:featuredmedia":[{"embeddable":true,"href":"https:\/\/photographyelectronics.com\/fr\/wp-json\/wp\/v2\/media\/635"}],"wp:attachment":[{"href":"https:\/\/photographyelectronics.com\/fr\/wp-json\/wp\/v2\/media?parent=632"}],"wp:term":[{"taxonomy":"product_brand","embeddable":true,"href":"https:\/\/photographyelectronics.com\/fr\/wp-json\/wp\/v2\/product_brand?post=632"},{"taxonomy":"product_cat","embeddable":true,"href":"https:\/\/photographyelectronics.com\/fr\/wp-json\/wp\/v2\/product_cat?post=632"},{"taxonomy":"product_tag","embeddable":true,"href":"https:\/\/photographyelectronics.com\/fr\/wp-json\/wp\/v2\/product_tag?post=632"}],"curies":[{"name":"wp","href":"https:\/\/api.w.org\/{rel}","templated":true}]}}