{"id":673,"date":"2026-01-02T15:53:21","date_gmt":"2026-01-02T15:53:21","guid":{"rendered":"https:\/\/photographyelectronics.com\/?post_type=product&#038;p=673"},"modified":"2026-01-02T15:59:34","modified_gmt":"2026-01-02T15:59:34","slug":"45-mm-diffuse-light","status":"publish","type":"product","link":"https:\/\/photographyelectronics.com\/fr\/produit\/45-mm-diffuse-light\/","title":{"rendered":"Lumi\u00e8re diffuse 45 mm"},"content":{"rendered":"<p>Cette lampe produit une lumi\u00e8re diffuse, homog\u00e8ne, stable (pas de scintillement, contrairement \u00e0 la plupart des lampes LED), et suffisament lumineux pour permettre au Baby Shutter Tester mk de mesurer des obturateurs aussi ferm\u00e9s que f8.<\/p>\n<p>La lampe est aliment\u00e9e par USB, vous pouvez donc l'emmener partout, comme sur les brocantes et les march\u00e9s aux puces, afin de pouvoir tester les appareils photos avant de les acheter.<\/p>\n<p><img loading=\"lazy\" decoding=\"async\" class=\"alignnone size-medium wp-image-231\" src=\"https:\/\/photographyelectronics.com\/wp-content\/uploads\/2025\/06\/50mm_light_source-300x200.jpg\" alt=\"\" width=\"300\" height=\"200\" srcset=\"https:\/\/photographyelectronics.com\/wp-content\/uploads\/2025\/06\/50mm_light_source-300x200.jpg 300w, https:\/\/photographyelectronics.com\/wp-content\/uploads\/2025\/06\/50mm_light_source-600x400.jpg 600w, https:\/\/photographyelectronics.com\/wp-content\/uploads\/2025\/06\/50mm_light_source-1024x683.jpg 1024w, https:\/\/photographyelectronics.com\/wp-content\/uploads\/2025\/06\/50mm_light_source-768x512.jpg 768w, https:\/\/photographyelectronics.com\/wp-content\/uploads\/2025\/06\/50mm_light_source.jpg 1200w\" sizes=\"auto, (max-width: 300px) 100vw, 300px\" \/> <img loading=\"lazy\" decoding=\"async\" class=\"alignnone size-medium wp-image-583\" src=\"https:\/\/photographyelectronics.com\/wp-content\/uploads\/2025\/10\/small_with_rollei-200x300.png\" alt=\"\" width=\"200\" height=\"300\" srcset=\"https:\/\/photographyelectronics.com\/wp-content\/uploads\/2025\/10\/small_with_rollei-200x300.png 200w, https:\/\/photographyelectronics.com\/wp-content\/uploads\/2025\/10\/small_with_rollei-681x1024.png 681w, https:\/\/photographyelectronics.com\/wp-content\/uploads\/2025\/10\/small_with_rollei-8x12.png 8w, https:\/\/photographyelectronics.com\/wp-content\/uploads\/2025\/10\/small_with_rollei-600x902.png 600w, https:\/\/photographyelectronics.com\/wp-content\/uploads\/2025\/10\/small_with_rollei.png 716w\" sizes=\"auto, (max-width: 200px) 100vw, 200px\" \/> <img loading=\"lazy\" decoding=\"async\" class=\"alignnone size-medium wp-image-582\" src=\"https:\/\/photographyelectronics.com\/wp-content\/uploads\/2025\/10\/small-300x200.jpg\" alt=\"\" width=\"300\" height=\"200\" srcset=\"https:\/\/photographyelectronics.com\/wp-content\/uploads\/2025\/10\/small-300x200.jpg 300w, https:\/\/photographyelectronics.com\/wp-content\/uploads\/2025\/10\/small-1024x683.jpg 1024w, https:\/\/photographyelectronics.com\/wp-content\/uploads\/2025\/10\/small-768x512.jpg 768w, https:\/\/photographyelectronics.com\/wp-content\/uploads\/2025\/10\/small-18x12.jpg 18w, https:\/\/photographyelectronics.com\/wp-content\/uploads\/2025\/10\/small-600x400.jpg 600w, https:\/\/photographyelectronics.com\/wp-content\/uploads\/2025\/10\/small.jpg 1200w\" sizes=\"auto, (max-width: 300px) 100vw, 300px\" \/><\/p>","protected":false},"excerpt":{"rendered":"<p>Lumi\u00e8re diffuse de 45mm de diam\u00e8tre, n\u00e9cessaire pour une mesure fiable des obturateurs centraux jusqu'\u00e0 45 mm de diam\u00e8tre<\/p>","protected":false},"featured_media":231,"comment_status":"open","ping_status":"closed","template":"","meta":{"_monsterinsights_skip_tracking":false,"_monsterinsights_sitenote_active":false,"_monsterinsights_sitenote_note":"","_monsterinsights_sitenote_category":0,"_uf_show_specific_survey":0,"_uf_disable_surveys":false,"ngg_post_thumbnail":0},"product_brand":[],"product_cat":[23],"product_tag":[],"class_list":{"0":"post-673","1":"product","2":"type-product","3":"status-publish","4":"has-post-thumbnail","6":"product_cat-uncategorized","8":"first","9":"instock","10":"shipping-taxable","11":"purchasable","12":"product-type-simple"},"aioseo_notices":[],"jetpack_sharing_enabled":true,"_links":{"self":[{"href":"https:\/\/photographyelectronics.com\/fr\/wp-json\/wp\/v2\/product\/673","targetHints":{"allow":["GET"]}}],"collection":[{"href":"https:\/\/photographyelectronics.com\/fr\/wp-json\/wp\/v2\/product"}],"about":[{"href":"https:\/\/photographyelectronics.com\/fr\/wp-json\/wp\/v2\/types\/product"}],"replies":[{"embeddable":true,"href":"https:\/\/photographyelectronics.com\/fr\/wp-json\/wp\/v2\/comments?post=673"}],"wp:featuredmedia":[{"embeddable":true,"href":"https:\/\/photographyelectronics.com\/fr\/wp-json\/wp\/v2\/media\/231"}],"wp:attachment":[{"href":"https:\/\/photographyelectronics.com\/fr\/wp-json\/wp\/v2\/media?parent=673"}],"wp:term":[{"taxonomy":"product_brand","embeddable":true,"href":"https:\/\/photographyelectronics.com\/fr\/wp-json\/wp\/v2\/product_brand?post=673"},{"taxonomy":"product_cat","embeddable":true,"href":"https:\/\/photographyelectronics.com\/fr\/wp-json\/wp\/v2\/product_cat?post=673"},{"taxonomy":"product_tag","embeddable":true,"href":"https:\/\/photographyelectronics.com\/fr\/wp-json\/wp\/v2\/product_tag?post=673"}],"curies":[{"name":"wp","href":"https:\/\/api.w.org\/{rel}","templated":true}]}}